{"id":42,"date":"2025-08-24T13:01:34","date_gmt":"2025-08-24T11:01:34","guid":{"rendered":"https:\/\/ai-compliance.pl\/?page_id=42"},"modified":"2025-10-15T17:02:38","modified_gmt":"2025-10-15T15:02:38","slug":"main-2","status":"publish","type":"page","link":"https:\/\/ai-compliance.pl\/en\/","title":{"rendered":"Strona g\u0142\u00f3wna"},"content":{"rendered":"<div class=\"wp-block-cover alignfull is-light has-medium-font-size has-aspect-ratio\" style=\"margin-top:var(--wp--preset--spacing--30);margin-bottom:var(--wp--preset--spacing--30);padding-top:var(--wp--preset--spacing--20);padding-right:var(--wp--preset--spacing--20);padding-bottom:var(--wp--preset--spacing--20);padding-left:var(--wp--preset--spacing--20);aspect-ratio:auto;min-height:unset;\"><img loading=\"lazy\" decoding=\"async\" width=\"1408\" height=\"736\" class=\"wp-block-cover__image-background wp-image-490 size-full\" alt=\"\" src=\"https:\/\/ai-compliance.pl\/wp-content\/uploads\/2025\/10\/ai-human-hands.jpg\" style=\"object-position:50% 50%\" data-object-fit=\"cover\" data-object-position=\"50% 50%\" srcset=\"https:\/\/ai-compliance.pl\/wp-content\/uploads\/2025\/10\/ai-human-hands.jpg 1408w, https:\/\/ai-compliance.pl\/wp-content\/uploads\/2025\/10\/ai-human-hands-300x157.jpg 300w, https:\/\/ai-compliance.pl\/wp-content\/uploads\/2025\/10\/ai-human-hands-1024x535.jpg 1024w, https:\/\/ai-compliance.pl\/wp-content\/uploads\/2025\/10\/ai-human-hands-768x401.jpg 768w, https:\/\/ai-compliance.pl\/wp-content\/uploads\/2025\/10\/ai-human-hands-18x9.jpg 18w\" sizes=\"auto, (max-width: 1408px) 100vw, 1408px\" \/><span aria-hidden=\"true\" class=\"wp-block-cover__background has-background-dim\" style=\"background-color:#f5f5f5\"><\/span><div class=\"wp-block-cover__inner-container is-layout-flow wp-container-core-cover-is-layout-21629151 wp-block-cover-is-layout-flow\">\n<h1 class=\"wp-block-heading has-text-align-center has-custom-color-1-color has-text-color has-link-color has-xx-large-font-size wp-elements-45fa85ee9f8251bfdc5d826a58fb5831\" style=\"margin-top:var(--wp--preset--spacing--50);margin-right:var(--wp--preset--spacing--20);margin-bottom:var(--wp--preset--spacing--30);margin-left:var(--wp--preset--spacing--20);text-transform:none\"><strong>Safe and compliant artificial intelligence<\/strong><\/h1>\n\n\n\n<div style=\"height:70px\" aria-hidden=\"true\" class=\"wp-block-spacer\"><\/div>\n\n\n\n<p class=\"has-text-align-center has-custom-color-1-color has-text-color has-link-color has-medium-font-size wp-elements-1b03b821893d176c5aebb2cede637f48\" style=\"margin-right:var(--wp--preset--spacing--40);margin-bottom:var(--wp--preset--spacing--40);margin-left:var(--wp--preset--spacing--40)\"><strong>Audytuj\u0119, szkol\u0119 i doradzam jak wdra\u017ca\u0107 AI optymalnie dla organizacji i zgodnie z wymaganiami prawa<\/strong><\/p>\n\n\n\n<div class=\"wp-block-columns is-layout-flex wp-container-core-columns-is-layout-17ebd24d wp-block-columns-is-layout-flex\" style=\"margin-bottom:55px\">\n<div class=\"wp-block-column is-layout-flow wp-block-column-is-layout-flow\"><\/div>\n\n\n\n<div class=\"wp-block-column has-global-padding is-layout-constrained wp-block-column-is-layout-constrained\" style=\"flex-basis:350px\">\n<div class=\"wp-block-buttons has-custom-font-size is-horizontal is-content-justification-center is-nowrap is-layout-flex wp-container-core-buttons-is-layout-b0f7545f wp-block-buttons-is-layout-flex\" style=\"margin-top:0;margin-bottom:0;padding-top:0;padding-right:0px;padding-bottom:0;padding-left:0px;font-size:0rem\">\n<div class=\"wp-block-button has-custom-width wp-block-button__width-75 popmake-424\"><a class=\"wp-block-button__link has-text-color has-background has-link-color has-custom-font-size wp-element-button\" style=\"border-radius:20px;color:#ffffff;background-color:#1b998b;padding-top:var(--wp--preset--spacing--10);padding-right:var(--wp--preset--spacing--10);padding-bottom:var(--wp--preset--spacing--10);padding-left:var(--wp--preset--spacing--10);font-size:clamp(14px, 0.875rem + ((1vw - 3.2px) * 0.104), 15px);\"><strong>Schedule a Consultation<\/strong><\/a><\/div>\n<\/div>\n<\/div>\n\n\n\n<div class=\"wp-block-column is-layout-flow wp-block-column-is-layout-flow\"><\/div>\n<\/div>\n<\/div><\/div>\n\n\n\n<h2 class=\"wp-block-heading alignwide has-text-align-center has-text-color has-background has-link-color wp-elements-f534f24b3e59cd8a2b80ffe4bd72d56f\" id=\"o_mnie\" style=\"color:#0a2342;background-color:#ffffff;margin-right:0;margin-left:0\">About me<\/h2>\n\n\n\n<div class=\"wp-block-group alignfull has-medium-font-size has-global-padding is-content-justification-center is-layout-constrained wp-container-core-group-is-layout-1166a510 wp-block-group-is-layout-constrained\" style=\"padding-right:var(--wp--preset--spacing--40);padding-left:var(--wp--preset--spacing--40)\">\n<div class=\"wp-block-columns alignwide are-vertically-aligned-center has-text-color has-background has-link-color wp-elements-6ba963be1eb5436142e2c554ad15c95c is-layout-flex wp-container-core-columns-is-layout-b0eefe37 wp-block-columns-is-layout-flex\" style=\"color:#0a2342;background-color:#ffffff;margin-top:0;margin-bottom:0\">\n<div class=\"wp-block-column is-vertically-aligned-center is-layout-flow wp-block-column-is-layout-flow\">\n<figure class=\"wp-block-image aligncenter size-medium is-resized\"><img loading=\"lazy\" decoding=\"async\" width=\"259\" height=\"300\" src=\"https:\/\/ai-compliance.pl\/wp-content\/uploads\/2025\/08\/monika_foto-259x300.jpg\" alt=\"\" class=\"wp-image-68\" style=\"width:272px;height:auto\" srcset=\"https:\/\/ai-compliance.pl\/wp-content\/uploads\/2025\/08\/monika_foto-259x300.jpg 259w, https:\/\/ai-compliance.pl\/wp-content\/uploads\/2025\/08\/monika_foto.jpg 567w\" sizes=\"auto, (max-width: 259px) 100vw, 259px\" \/><\/figure>\n<\/div>\n\n\n\n<div class=\"wp-block-column is-vertically-aligned-center is-layout-flow wp-block-column-is-layout-flow\">\n<p class=\"has-text-align-left\" style=\"margin-right:0;margin-left:0;padding-right:0;padding-left:0\">Nazywam si\u0119 Monika Gierada-So\u0142tysek.<\/p>\n\n\n\n<p>Od ponad 14 lat zajmuj\u0119 si\u0119 <strong>ochron\u0105 danych osobowych<\/strong>, <strong>audytami<\/strong> i <strong>systemami zarz\u0105dzania<\/strong> w przedsi\u0119biorstwach ka\u017cdej skali. Od 2011 roku prowadz\u0119 w\u0142asn\u0105 dzia\u0142alno\u015b\u0107, \u015bwiadcz\u0105c <strong>us\u0142ugi doradztwa strategicznego<\/strong> i szkoleniowego.<\/p>\n\n\n\n<p>Moj\u0105 specjalizacj\u0105 jest <strong>AI Compliance<\/strong> \u2013 kompleksowe \u0142\u0105czenie regulacji prawnych, <strong>norm ISO<\/strong> i etyki w projektowaniu oraz <strong>wdra\u017caniu system\u00f3w i modeli sztucznej inteligencji<\/strong> w firmach. Pomagam organizacjom <strong>optymalnie<\/strong> przygotowa\u0107 si\u0119 do wymog\u00f3w <strong>AI Act<\/strong>, a tak\u017ce innych powi\u0105zanych regulacji, takich jak <strong>RODO<\/strong> i <strong>NIS2<\/strong>.<\/p>\n\n\n\n<p class=\"has-text-align-left\" style=\"margin-right:0;margin-left:0;padding-right:0;padding-left:0\">Posiadam uprawnienia <strong>audytora wiod\u0105cego ISO 27001<\/strong> oraz <strong>ISO 42001<\/strong> (Systemy Zarz\u0105dzania AI). W 2022 roku uko\u0144czy\u0142am studia podyplomowe na Politechnice Gda\u0144skiej: \u201eSztuczna inteligencja i automatyzacja proces\u00f3w biznesowych\u201d.<\/p>\n<\/div>\n<\/div>\n<\/div>\n\n\n\n<h2 class=\"wp-block-heading alignwide has-text-align-center has-background\" id=\"dlaczego\" style=\"background-color:#ffffff\">Why AI Compliance?<\/h2>\n\n\n\n<div class=\"wp-block-columns alignfull are-vertically-aligned-top is-layout-flex wp-container-core-columns-is-layout-89609d72 wp-block-columns-is-layout-flex\" style=\"margin-top:0;margin-bottom:0;padding-top:var(--wp--preset--spacing--20);padding-right:0;padding-bottom:var(--wp--preset--spacing--20);padding-left:0\">\n<div class=\"wp-block-column is-vertically-aligned-top is-layout-flow wp-container-core-column-is-layout-8a368f38 wp-block-column-is-layout-flow\">\n<figure class=\"wp-block-image aligncenter size-thumbnail\"><img loading=\"lazy\" decoding=\"async\" width=\"150\" height=\"150\" src=\"https:\/\/ai-compliance.pl\/wp-content\/uploads\/2025\/08\/waga-150x150.png\" alt=\"\" class=\"wp-image-141\" srcset=\"https:\/\/ai-compliance.pl\/wp-content\/uploads\/2025\/08\/waga-150x150.png 150w, https:\/\/ai-compliance.pl\/wp-content\/uploads\/2025\/08\/waga.png 190w\" sizes=\"auto, (max-width: 150px) 100vw, 150px\" \/><\/figure>\n\n\n\n<p class=\"has-text-align-center\" style=\"margin-right:var(--wp--preset--spacing--30);margin-left:var(--wp--preset--spacing--30)\"><strong>AI Act from 2026<\/strong><br>New legal obligations for AI systems and models.<\/p>\n<\/div>\n\n\n\n<div class=\"wp-block-column is-vertically-aligned-top is-layout-flow wp-block-column-is-layout-flow\">\n<figure class=\"wp-block-image aligncenter size-thumbnail\"><img loading=\"lazy\" decoding=\"async\" width=\"150\" height=\"150\" src=\"https:\/\/ai-compliance.pl\/wp-content\/uploads\/2025\/08\/klodka-150x150.png\" alt=\"\" class=\"wp-image-133\" srcset=\"https:\/\/ai-compliance.pl\/wp-content\/uploads\/2025\/08\/klodka-150x150.png 150w, https:\/\/ai-compliance.pl\/wp-content\/uploads\/2025\/08\/klodka.png 190w\" sizes=\"auto, (max-width: 150px) 100vw, 150px\" \/><\/figure>\n\n\n\n<p class=\"has-text-align-center\" style=\"margin-right:var(--wp--preset--spacing--30);margin-left:var(--wp--preset--spacing--30)\"><strong>Security<\/strong><br>Non-compliance means the risk of sanctions, loss of reputation, and harmful decisions.<\/p>\n<\/div>\n\n\n\n<div class=\"wp-block-column is-vertically-aligned-top is-layout-flow wp-block-column-is-layout-flow\">\n<figure class=\"wp-block-image aligncenter size-thumbnail\"><img loading=\"lazy\" decoding=\"async\" width=\"150\" height=\"150\" src=\"https:\/\/ai-compliance.pl\/wp-content\/uploads\/2025\/08\/rakieta-150x150.png\" alt=\"\" class=\"wp-image-134\" srcset=\"https:\/\/ai-compliance.pl\/wp-content\/uploads\/2025\/08\/rakieta-150x150.png 150w, https:\/\/ai-compliance.pl\/wp-content\/uploads\/2025\/08\/rakieta.png 168w\" sizes=\"auto, (max-width: 150px) 100vw, 150px\" \/><\/figure>\n\n\n\n<p class=\"has-text-align-center\" style=\"margin-right:var(--wp--preset--spacing--30);margin-left:var(--wp--preset--spacing--30)\"><strong>Market Advantage<\/strong><br>AI  wspiera firm\u0119 i jest cz\u0119\u015bci\u0105 strategii. Strategia wyznacza granice zgodno\u015bci. <\/p>\n<\/div>\n<\/div>\n\n\n\n<div style=\"height:70px\" aria-hidden=\"true\" class=\"wp-block-spacer\"><\/div>\n\n\n\n<div class=\"wp-block-group alignfull has-contrast-background-color has-background has-global-padding is-layout-constrained wp-block-group-is-layout-constrained\" style=\"margin-top:0;margin-bottom:0\">\n<h2 class=\"wp-block-heading alignfull has-text-align-center has-base-color has-text-color has-link-color wp-elements-20a75f17cda16c4b0901efc0e838b2b2\" id=\"oferta\" style=\"margin-top:0;margin-bottom:0\">My Offer<\/h2>\n\n\n\n<div style=\"height:50px\" aria-hidden=\"true\" class=\"wp-block-spacer\"><\/div>\n\n\n\n<div class=\"wp-block-columns alignfull are-vertically-aligned-top is-layout-flex wp-container-core-columns-is-layout-f0342b05 wp-block-columns-is-layout-flex\" style=\"margin-top:0;margin-bottom:0\">\n<div class=\"wp-block-column is-vertically-aligned-top is-layout-flow wp-block-column-is-layout-flow\">\n<h3 class=\"wp-block-heading has-text-align-center has-base-color has-text-color has-link-color wp-elements-0bbdbaafaa8fcb488d224e74ee1e463e\">Konsultacje<\/h3>\n\n\n\n<p class=\"has-text-align-center has-base-color has-text-color has-link-color wp-elements-0f35b364ee6a79c095bf2cf13ef56df1\" style=\"margin-top:var(--wp--preset--spacing--10);margin-right:var(--wp--preset--spacing--20);margin-bottom:var(--wp--preset--spacing--10);margin-left:var(--wp--preset--spacing--20);padding-top:var(--wp--preset--spacing--10);padding-right:var(--wp--preset--spacing--20);padding-bottom:var(--wp--preset--spacing--10);padding-left:var(--wp--preset--spacing--20)\">Ocena zgodno\u015bci system\u00f3w AI z AI Act, RODO, ISO42001.<br>Analiza ryzyka, dokumentacja, rekomendacje,  wdra\u017canie AI w firmach &#8211; podej\u015bcie strategiczne<\/p>\n<\/div>\n\n\n\n<div class=\"wp-block-column is-vertically-aligned-top is-layout-flow wp-block-column-is-layout-flow\">\n<h3 class=\"wp-block-heading has-text-align-center has-base-color has-text-color has-link-color wp-elements-c8c7841ffeb6d1ffb703638ff7d0fc54\">Trainings and Workshops<\/h3>\n\n\n\n<p class=\"has-text-align-center has-base-color has-text-color has-link-color wp-elements-c7c6f01973daae326f1fde7d5ac7c2fe\" style=\"margin-top:var(--wp--preset--spacing--10);margin-right:var(--wp--preset--spacing--20);margin-bottom:var(--wp--preset--spacing--10);margin-left:var(--wp--preset--spacing--20);padding-top:var(--wp--preset--spacing--10);padding-right:var(--wp--preset--spacing--20);padding-bottom:var(--wp--preset--spacing--10);padding-left:var(--wp--preset--spacing--20)\">AI jako element strategii, AI Act w praktyce, ISO 42001, etyka i bezpiecze\u0144stwo AI.<br>Dla zarz\u0105d\u00f3w, compliance, zespo\u0142\u00f3w IT i dzia\u0142\u00f3w prawnych.<\/p>\n<\/div>\n\n\n\n<div class=\"wp-block-column is-vertically-aligned-top is-layout-flow wp-block-column-is-layout-flow\">\n<h3 class=\"wp-block-heading has-text-align-center has-base-color has-text-color has-link-color wp-elements-30d76ce5cc1b00697fcebeb23538df5a\"> Projects and Consortia<\/h3>\n\n\n\n<p class=\"has-text-align-center has-base-color has-text-color has-link-color wp-elements-c940a9a1f26eb4fc59d49e09f2750c07 translation-block\" style=\"margin-top:var(--wp--preset--spacing--10);margin-right:var(--wp--preset--spacing--20);margin-bottom:var(--wp--preset--spacing--10);margin-left:var(--wp--preset--spacing--20);padding-top:var(--wp--preset--spacing--10);padding-right:var(--wp--preset--spacing--20);padding-bottom:var(--wp--preset--spacing--10);padding-left:var(--wp--preset--spacing--20)\">Expert opinions for R&amp;D projects.<br \/>\nCompliance review of AI models with EU and funding requirements.<\/p>\n<\/div>\n<\/div>\n\n\n\n<div class=\"wp-block-buttons is-content-justification-center is-layout-flex wp-container-core-buttons-is-layout-a89b3969 wp-block-buttons-is-layout-flex\">\n<div class=\"wp-block-button has-custom-width wp-block-button__width-50 popmake-465\"><a class=\"wp-block-button__link has-base-color has-contrast-2-background-color has-text-color has-background has-link-color has-medium-font-size has-custom-font-size wp-element-button\" style=\"box-shadow:none\">NAPISZ DO MNIE<\/a><\/div>\n<\/div>\n<\/div>\n\n\n\n<div class=\"wp-block-group alignfull has-global-padding is-layout-constrained wp-block-group-is-layout-constrained\">\n<h2 class=\"wp-block-heading alignfull has-text-align-center has-base-background-color has-background\" id=\"zaufaj\">Knowledge &amp; Experience<\/h2>\n\n\n\n<ul style=\"margin-top:var(--wp--preset--spacing--10);margin-right:var(--wp--preset--spacing--20);margin-bottom:var(--wp--preset--spacing--10);margin-left:var(--wp--preset--spacing--20)\" class=\"wp-block-list\">\n<li>Lead Auditor in ISO 42001 and ISO 27001<\/li>\n\n\n\n<li>Knowledge of ISO 37301 and ISO 9001<\/li>\n\n\n\n<li>20 lat do\u015bwiadczenia pracy z systemami zarz\u0105dzania<\/li>\n\n\n\n<li>15 years of Data Protection Laws expertise<\/li>\n\n\n\n<li>Practical business-oriented approach<\/li>\n\n\n\n<li>Ciekawe szkolenia<\/li>\n\n\n\n<li>Praktyczne umiej\u0119tno\u015bci prowadzenia analiz ryzyka<\/li>\n\n\n\n<li>Podej\u015bcie analityczne <\/li>\n<\/ul>\n<\/div>\n\n\n\n<div class=\"wp-block-group alignfull has-contrast-color has-text-color has-background has-link-color wp-elements-255c56b7a502cc4d7fd270ea03b5a638 is-layout-flow wp-block-group-is-layout-flow\" style=\"background-color:#d9dee4\">\n<h2 class=\"wp-block-heading alignfull has-text-align-center has-background\" id=\"blog\" style=\"background-color:#d9dee4;margin-top:0;margin-bottom:0;padding-top:var(--wp--preset--spacing--30);padding-bottom:var(--wp--preset--spacing--30)\">Knowledge &amp; Insights<\/h2>\n\n\n\n<p class=\"has-text-align-center translation-block\" style=\"margin-top:0;margin-bottom:0;padding-top:var(--wp--preset--spacing--30);padding-right:var(--wp--preset--spacing--10);padding-bottom:var(--wp--preset--spacing--30);padding-left:var(--wp--preset--spacing--10)\">On my blog, I share practical knowledge about ensuring compliance of AI systems with legal requirements \u2013 especially the AI Act, GDPR, NIS2, and ISO 42001.<br \/>\nYou will find articles, commentary, and guidance on auditing AI models, risk analysis, ethics in AI projects, and providing expert opinions within consortia and R&amp;D projects.<\/p>\n\n\n\n<hr class=\"wp-block-separator has-alpha-channel-opacity\"\/>\n\n\n<ul style=\"padding-top:var(--wp--preset--spacing--30);padding-bottom:var(--wp--preset--spacing--30);padding-left:var(--wp--preset--spacing--40);padding-right:var(--wp--preset--spacing--40);\" class=\"wp-block-latest-posts__list is-grid columns-3 has-link-color alignfull wp-elements-4004fe8928a5b9b3f30596b81c099a33 wp-block-latest-posts has-text-color has-contrast-color\"><li><div class=\"wp-block-latest-posts__featured-image\"><img loading=\"lazy\" decoding=\"async\" width=\"150\" height=\"150\" src=\"https:\/\/ai-compliance.pl\/wp-content\/uploads\/2025\/10\/aplikacje-150x150.jpg\" class=\"attachment-thumbnail size-thumbnail wp-post-image\" alt=\"\" style=\"\" \/><\/div><a class=\"wp-block-latest-posts__post-title\" href=\"https:\/\/ai-compliance.pl\/en\/ai-vs-aplikacje-tradycyjne-przewodnik-dla-compliance-officera-2025\/\">AI vs Aplikacje Tradycyjne: Przewodnik dla Compliance Officera 2025<\/a><div class=\"wp-block-latest-posts__post-excerpt\">Sztuczna inteligencja i jej r\u00f3\u017cnice wobec aplikacji tradycyjnych sta\u0142y si\u0119 kluczowym tematem dla specjalist\u00f3w compliance. W ostatnich latach AI przesta\u0142a by\u0107 mglist\u0105 obietnic\u0105 przysz\u0142o\u015bci, a sta\u0142a si\u0119 pot\u0119\u017cnym,\u2026 <a class=\"wp-block-latest-posts__read-more\" href=\"https:\/\/ai-compliance.pl\/en\/ai-vs-aplikacje-tradycyjne-przewodnik-dla-compliance-officera-2025\/\" rel=\"noopener noreferrer\">Read more<span class=\"screen-reader-text\">: AI vs Aplikacje Tradycyjne: Przewodnik dla Compliance Officera 2025<\/span><\/a><\/div><\/li>\n<li><div class=\"wp-block-latest-posts__featured-image\"><img loading=\"lazy\" decoding=\"async\" width=\"150\" height=\"150\" src=\"https:\/\/ai-compliance.pl\/wp-content\/uploads\/2025\/10\/AI_Human-face-150x150.jpg\" class=\"attachment-thumbnail size-thumbnail wp-post-image\" alt=\"\" style=\"\" srcset=\"https:\/\/ai-compliance.pl\/wp-content\/uploads\/2025\/10\/AI_Human-face-150x150.jpg 150w, https:\/\/ai-compliance.pl\/wp-content\/uploads\/2025\/10\/AI_Human-face-300x300.jpg 300w, https:\/\/ai-compliance.pl\/wp-content\/uploads\/2025\/10\/AI_Human-face-768x768.jpg 768w, https:\/\/ai-compliance.pl\/wp-content\/uploads\/2025\/10\/AI_Human-face-12x12.jpg 12w, https:\/\/ai-compliance.pl\/wp-content\/uploads\/2025\/10\/AI_Human-face.jpg 1024w\" sizes=\"auto, (max-width: 150px) 100vw, 150px\" \/><\/div><a class=\"wp-block-latest-posts__post-title\" href=\"https:\/\/ai-compliance.pl\/en\/jak-wspolpraca-z-ai-wplywa-na-nasz-mozg\/\">Jak wsp\u00f3\u0142praca z AI wp\u0142ywa na nasz m\u00f3zg?<\/a><div class=\"wp-block-latest-posts__post-excerpt\">Czy sztuczna inteligencja nas rozwija, czy rozleniwia?\nNaukowcy z MIT przyjrzeli si\u0119 pracy m\u00f3zgu podczas wsp\u00f3\u0142pracy z AI. Okazuje si\u0119, \u017ce nadmierne poleganie na modelach j\u0119zykowych mo\u017ce os\u0142abia\u0107 aktywno\u015b\u0107 neuron\u00f3w \u2013 ale rozs\u0105dne wykorzystanie AI potrafi pobudzi\u0107 pami\u0119\u0107 i kreatywno\u015b\u0107. \n<\/div><\/li>\n<li><div class=\"wp-block-latest-posts__featured-image\"><img loading=\"lazy\" decoding=\"async\" width=\"150\" height=\"150\" src=\"https:\/\/ai-compliance.pl\/wp-content\/uploads\/2025\/09\/strategy_blue-150x150.jpg\" class=\"attachment-thumbnail size-thumbnail wp-post-image\" alt=\"\" style=\"\" \/><\/div><a class=\"wp-block-latest-posts__post-title\" href=\"https:\/\/ai-compliance.pl\/en\/strategia-zamiast-chaosu\/\">Strategia zamiast chaosu<\/a><div class=\"wp-block-latest-posts__post-excerpt\">Wdro\u017cenia sztucznej inteligencji staj\u0105 si\u0119 dzi\u015b nie tylko mod\u0105, ale warunkiem utrzymania konkurencyjno\u015bci. Coraz wi\u0119cej firm eksperymentuje z AI, jednak w wielu przypadkach obserwujemy dzia\u0142ania fragmentaryczne: pojedyncze projekty, testy narz\u0119dzi, spontaniczne inicjatywy pracownik\u00f3w. To droga do rozczarowa\u0144 i niskiego zwrotu z inwestycji (ROI).<\/div><\/li>\n<\/ul><\/div>\n\n\n\n<div class=\"wp-block-group alignfull has-base-color has-text-color has-background has-link-color wp-elements-6c62edb57bc3fa75ba57bf9494a1ac72 has-global-padding is-content-justification-center is-layout-constrained wp-block-group-is-layout-constrained\" style=\"background-color:#001b3d\">\n<div class=\"wp-block-columns is-layout-flex wp-container-core-columns-is-layout-28f84493 wp-block-columns-is-layout-flex\">\n<div class=\"wp-block-column is-layout-flow wp-container-core-column-is-layout-c4bf6bf1 wp-block-column-is-layout-flow\" style=\"padding-top:var(--wp--preset--spacing--10);padding-right:var(--wp--preset--spacing--20);padding-bottom:var(--wp--preset--spacing--10);padding-left:var(--wp--preset--spacing--20)\">\n<h2 class=\"wp-block-heading has-base-color has-text-color has-link-color wp-elements-c7dee6b5872702387f8edda8c5ef5262\">Ready to Prepare Your Company for the AI Act?<\/h2>\n\n\n\n<p>Book an audit, consultation, or workshop tailored to the needs of your organization.<\/p>\n\n\n\n<div class=\"wp-block-buttons is-layout-flex wp-block-buttons-is-layout-flex\">\n<div class=\"wp-block-button popmake-424\"><a class=\"wp-block-button__link has-base-color has-contrast-2-background-color has-text-color has-background has-link-color wp-element-button\">CONTACT ME<\/a><\/div>\n<\/div>\n<\/div>\n\n\n\n<div class=\"wp-block-column is-layout-flow wp-block-column-is-layout-flow\">\n<h2 class=\"wp-block-heading has-base-color has-text-color has-background has-link-color wp-elements-79bc67fea8ff53507014a4a7c5dc84f0\" style=\"background-color:#001b3d;padding-top:0px;padding-right:36px;padding-bottom:0px;padding-left:36px\">Contact<\/h2>\n\n\n\n<p style=\"margin-top:var(--wp--preset--spacing--10);margin-right:var(--wp--preset--spacing--20);margin-bottom:var(--wp--preset--spacing--10);margin-left:var(--wp--preset--spacing--20);padding-top:var(--wp--preset--spacing--10);padding-right:var(--wp--preset--spacing--20);padding-bottom:var(--wp--preset--spacing--10);padding-left:var(--wp--preset--spacing--20)\">m.gierada-soltysek@inspektorzy.com<br>phone: +48.731-151-191<br>Also see: www.inspektorzy.com<\/p>\n<\/div>\n<\/div>\n<\/div>\n\n\n\n<p><\/p>","protected":false},"excerpt":{"rendered":"<p>O mnie Nazywam si\u0119 Monika Gierada-So\u0142tysek. Od ponad 14 lat zajmuj\u0119 si\u0119 ochron\u0105 danych osobowych, audytami i systemami zarz\u0105dzania w przedsi\u0119biorstwach ka\u017cdej skali. Od 2011 roku prowadz\u0119 w\u0142asn\u0105 dzia\u0142alno\u015b\u0107, \u015bwiadcz\u0105c us\u0142ugi doradztwa strategicznego i szkoleniowego. Moj\u0105 specjalizacj\u0105 jest AI Compliance \u2013 kompleksowe \u0142\u0105czenie regulacji prawnych, norm ISO i etyki w projektowaniu oraz wdra\u017caniu system\u00f3w i [&hellip;]<\/p>\n","protected":false},"author":2,"featured_media":13,"parent":0,"menu_order":0,"comment_status":"closed","ping_status":"closed","template":"page-no-title","meta":{"footnotes":""},"class_list":["post-42","page","type-page","status-publish","has-post-thumbnail","hentry"],"_links":{"self":[{"href":"https:\/\/ai-compliance.pl\/en\/wp-json\/wp\/v2\/pages\/42","targetHints":{"allow":["GET"]}}],"collection":[{"href":"https:\/\/ai-compliance.pl\/en\/wp-json\/wp\/v2\/pages"}],"about":[{"href":"https:\/\/ai-compliance.pl\/en\/wp-json\/wp\/v2\/types\/page"}],"author":[{"embeddable":true,"href":"https:\/\/ai-compliance.pl\/en\/wp-json\/wp\/v2\/users\/2"}],"replies":[{"embeddable":true,"href":"https:\/\/ai-compliance.pl\/en\/wp-json\/wp\/v2\/comments?post=42"}],"version-history":[{"count":206,"href":"https:\/\/ai-compliance.pl\/en\/wp-json\/wp\/v2\/pages\/42\/revisions"}],"predecessor-version":[{"id":527,"href":"https:\/\/ai-compliance.pl\/en\/wp-json\/wp\/v2\/pages\/42\/revisions\/527"}],"wp:featuredmedia":[{"embeddable":true,"href":"https:\/\/ai-compliance.pl\/en\/wp-json\/wp\/v2\/media\/13"}],"wp:attachment":[{"href":"https:\/\/ai-compliance.pl\/en\/wp-json\/wp\/v2\/media?parent=42"}],"curies":[{"name":"wp","href":"https:\/\/api.w.org\/{rel}","templated":true}]}}